{"id":13368,"date":"2018-10-23T16:39:04","date_gmt":"2018-10-23T14:39:04","guid":{"rendered":"https:\/\/www.black-jaguar.org\/selo\/"},"modified":"2020-09-17T15:10:10","modified_gmt":"2020-09-17T13:10:10","slug":"selo","status":"publish","type":"page","link":"https:\/\/www.black-jaguar.org\/pt-br\/selo\/","title":{"rendered":"Selo"},"content":{"rendered":"[vc_row type=&#8221;full_width&#8221; full_screen_row_position=&#8221;middle&#8221; scene_position=&#8221;center&#8221; text_color=&#8221;dark&#8221; text_align=&#8221;left&#8221; overlay_strength=&#8221;0.3&#8243; row_type=&#8221;row&#8221; use_row_as_full_screen_section=&#8221;no&#8221; background_image_as_pattern=&#8221;without_pattern&#8221; background_color=&#8221;#333333&#8243; border_color=&#8221;#333333&#8243;][vc_column column_padding=&#8221;no-extra-padding&#8221; column_padding_position=&#8221;all&#8221; background_color_opacity=&#8221;1&#8243; background_hover_color_opacity=&#8221;1&#8243; column_shadow=&#8221;none&#8221; width=&#8221;1\/1&#8243; tablet_text_alignment=&#8221;default&#8221; phone_text_alignment=&#8221;default&#8221; column_border_width=&#8221;none&#8221; column_border_style=&#8221;solid&#8221; offset=&#8221;vc_hidden-xs&#8221;][divider line_type=&#8221;No Line&#8221; custom_height=&#8221;55&#8243;][vc_column_text]\n<h1 style=\"text-align: center;\"><span style=\"color: #00523c;\">SELO<\/span><\/h1>\n[\/vc_column_text][divider line_type=&#8221;No Line&#8221; custom_height=&#8221;120&#8243;][\/vc_column][\/vc_row][vc_row type=&#8221;full_width&#8221; full_screen_row_position=&#8221;middle&#8221; scene_position=&#8221;center&#8221; text_color=&#8221;dark&#8221; text_align=&#8221;left&#8221; overlay_strength=&#8221;0.3&#8243; row_type=&#8221;row&#8221; use_row_as_full_screen_section=&#8221;no&#8221; background_image_as_pattern=&#8221;without_pattern&#8221; background_color=&#8221;#333333&#8243; border_color=&#8221;#333333&#8243;][vc_column column_padding=&#8221;no-extra-padding&#8221; column_padding_position=&#8221;all&#8221; background_color_opacity=&#8221;1&#8243; background_hover_color_opacity=&#8221;1&#8243; column_shadow=&#8221;none&#8221; width=&#8221;1\/1&#8243; tablet_text_alignment=&#8221;default&#8221; phone_text_alignment=&#8221;default&#8221; column_border_width=&#8221;none&#8221; column_border_style=&#8221;solid&#8221; offset=&#8221;vc_hidden-lg vc_hidden-md vc_hidden-sm&#8221;][divider line_type=&#8221;No Line&#8221; custom_height=&#8221;50&#8243;][vc_column_text]\n<h1 style=\"text-align: center;\"><span style=\"color: #00523c;\">SELO<\/span><\/h1>\n[\/vc_column_text][divider line_type=&#8221;No Line&#8221; custom_height=&#8221;50&#8243;][\/vc_column][\/vc_row][vc_row type=&#8221;full_width&#8221; full_screen_row_position=&#8221;middle&#8221; scene_position=&#8221;center&#8221; text_color=&#8221;dark&#8221; text_align=&#8221;left&#8221; overlay_strength=&#8221;0.3&#8243; row_type=&#8221;row&#8221; use_row_as_full_screen_section=&#8221;no&#8221; background_image_as_pattern=&#8221;without_pattern&#8221; background_color=&#8221;#333333&#8243; border_color=&#8221;#333333&#8243; css=&#8221;.vc_custom_1422527079864{padding-right: 20px !important;}&#8221;][vc_column column_padding=&#8221;no-extra-padding&#8221; column_padding_position=&#8221;all&#8221; background_color_opacity=&#8221;1&#8243; background_hover_color_opacity=&#8221;1&#8243; column_shadow=&#8221;none&#8221; width=&#8221;1\/2&#8243; tablet_text_alignment=&#8221;default&#8221; phone_text_alignment=&#8221;default&#8221; column_border_width=&#8221;none&#8221; column_border_style=&#8221;solid&#8221; offset=&#8221;vc_hidden-xs&#8221;][vc_column_text css=&#8221;.vc_custom_1600348202233{padding-left: 45px !important;}&#8221;]<strong><span style=\"color: #8ec791;\">Selo<\/span><\/strong><\/p>\n<p><strong>Registro da BJF<\/strong><br \/>\nNome registrado no Brasil: Instituto Black Jaguar<br \/>\nNome da marca no Brasil: Black Jaguar Foundation<br \/>\nCNPJ registrado no Brasil: 24 230 587 \/ 0001-93<br \/>\nRegistro na C\u00e2mara de Com\u00e9rcio holandesa: 34327956<\/p>\n<p><strong>Membros do Board<br \/>\n<\/strong>Mr. Ben Valks: Initiator Black Jaguar Foundation &#8211; Chairman<br \/>\nMrs. Flavia Da Carneiro: Legal Consultant &#8211; Pro Result<br \/>\nMrs. Janaina Noronha Rocha: Legal Director \u2013 Laureate International Universities<\/p>\n<p><strong>Endere\u00e7o de registro no Brasil<\/strong><br \/>\nRua Joaquim Eug\u00eanio de Lima, 187, Cj. 11<br \/>\n01403-001 \u2013 S\u00e3o Paulo \u2013 SP<br \/>\nBrazil<br \/>\nPerguntas e Suporte: info@black-jaguar.org[\/vc_column_text][divider line_type=&#8221;No Line&#8221; custom_height=&#8221;25&#8243;][vc_column_text css=&#8221;.vc_custom_1516027804661{padding-left: 45px !important;}&#8221;]<strong>Design, conceito &amp; realiza\u00e7\u00e3o<\/strong><br \/>\nElevate | Brand Identity &amp; Design<br \/>\n<a href=\"http:\/\/www.elevate-identity.com\" target=\"_blank\" rel=\"noopener noreferrer\">www.elevate-identity.com<\/a>[\/vc_column_text][\/vc_column][vc_column column_padding=&#8221;no-extra-padding&#8221; column_padding_position=&#8221;all&#8221; background_color_opacity=&#8221;1&#8243; background_hover_color_opacity=&#8221;1&#8243; column_shadow=&#8221;none&#8221; width=&#8221;1\/2&#8243; tablet_text_alignment=&#8221;default&#8221; phone_text_alignment=&#8221;default&#8221; column_border_width=&#8221;none&#8221; column_border_style=&#8221;solid&#8221; offset=&#8221;vc_hidden-xs&#8221;][vc_column_text css=&#8221;.vc_custom_1512040237669{padding-left: 45px !important;}&#8221;]<strong><span style=\"color: #8ec791;\">Transpar\u00eancia<br \/>\n<\/span><\/strong><b><br \/>\n<\/b>O conte\u00fado dessas p\u00e1ginas foi preparado com m\u00e1ximo cuidado. Por\u00e9m, n\u00e3o podemos assumir a responsabilidade da precis\u00e3o e completude das informa\u00e7\u00f5es. Qualquer indiv\u00edduo pode consultar as informa\u00e7\u00f5es contidas nesse webiste apenas para fins informacionais. As informa\u00e7\u00f5es e materiais contidos nesse website s\u00e3o fornecidos &#8220;as is&#8221; sem nenhum tipo de garantia, expl\u00edcita ou impl\u00edcita, incluindo sem limita\u00e7\u00e3o qualquer garantia sobre a precis\u00e3o, adequa\u00e7\u00e3o ou completude das informa\u00e7\u00f5es.[\/vc_column_text][\/vc_column][\/vc_row][vc_row type=&#8221;full_width_background&#8221; full_screen_row_position=&#8221;middle&#8221; scene_position=&#8221;center&#8221; text_color=&#8221;dark&#8221; text_align=&#8221;left&#8221; overlay_strength=&#8221;0.3&#8243; row_type=&#8221;row&#8221; use_row_as_full_screen_section=&#8221;no&#8221; background_image_as_pattern=&#8221;without_pattern&#8221; background_color=&#8221;#333333&#8243; border_color=&#8221;#333333&#8243; css=&#8221;.vc_custom_1422527079864{padding-right: 20px !important;}&#8221;][vc_column column_padding=&#8221;no-extra-padding&#8221; column_padding_position=&#8221;all&#8221; background_color_opacity=&#8221;1&#8243; background_hover_color_opacity=&#8221;1&#8243; column_shadow=&#8221;none&#8221; width=&#8221;1\/2&#8243; tablet_text_alignment=&#8221;default&#8221; phone_text_alignment=&#8221;default&#8221; column_border_width=&#8221;none&#8221; column_border_style=&#8221;solid&#8221; offset=&#8221;vc_hidden-lg vc_hidden-md vc_hidden-sm&#8221;][vc_column_text]<strong><span style=\"color: #8ec791;\">Selo<\/span><\/strong><\/p>\n<p><strong>Registro da BJF<\/strong><br \/>\nNome registrado no Brasil: Instituto Black Jaguar<br \/>\nNome da marca no Brasil: Black Jaguar Foundation<br \/>\nCNPJ registrado no Brasil: 24 230 587 \/ 0001-93<br \/>\nRegistro na C\u00e2mara de Com\u00e9rcio holandesa: 34327956<\/p>\n<p><strong>Legal Board members<\/strong><br \/>\nMr. Ben Valks: Initiator Black Jaguar Foundation &#8211; Chairman<br \/>\nMrs. Flavia Da Carneiro: Legal Consultant &#8211; Pro Result<br \/>\nMrs. Janaina Noronha Rocha: Legal Director \u2013 Laureate International Universities<\/p>\n<p><strong>Endere\u00e7o de registro no Brasil<\/strong><br \/>\nRua Joaquim Eug\u00eanio de Lima, 187, Cj. 11<br \/>\n01403-001 \u2013 S\u00e3o Paulo \u2013 SP<br \/>\nBrazil<\/p>\n<p>Perguntas e Suporte: info@black-jaguar.org[\/vc_column_text][divider line_type=&#8221;No Line&#8221; custom_height=&#8221;25&#8243;][vc_column_text]<strong>Design, conceito &amp; realiza\u00e7\u00e3o<\/strong><br \/>\nElevate | Brand Identity &amp; Design<br \/>\n<a href=\"http:\/\/www.elevate-identity.com\">www.elevate-identity.com<\/a>[\/vc_column_text][\/vc_column][vc_column column_padding=&#8221;no-extra-padding&#8221; column_padding_position=&#8221;all&#8221; background_color_opacity=&#8221;1&#8243; background_hover_color_opacity=&#8221;1&#8243; column_shadow=&#8221;none&#8221; width=&#8221;1\/2&#8243; tablet_text_alignment=&#8221;default&#8221; phone_text_alignment=&#8221;default&#8221; column_border_width=&#8221;none&#8221; column_border_style=&#8221;solid&#8221; offset=&#8221;vc_hidden-lg vc_hidden-md vc_hidden-sm&#8221;][vc_column_text]<strong><span style=\"color: #8ec791;\">Transpar\u00eancia<br \/>\n<\/span><\/strong><b><br \/>\n<\/b>O conte\u00fado dessas p\u00e1ginas foi preparado com m\u00e1ximo cuidado. Por\u00e9m, n\u00e3o podemos assumir a responsabilidade da precis\u00e3o e completude das informa\u00e7\u00f5es. Qualquer indiv\u00edduo pode consultar as informa\u00e7\u00f5es contidas nesse webiste apenas para fins informacionais. As informa\u00e7\u00f5es e materiais contidos nesse website s\u00e3o fornecidos &#8220;as is&#8221; sem nenhum tipo de garantia, expl\u00edcita ou impl\u00edcita, inlcuindo sem limita\u00e7\u00e3o qualquer garantia sobre a precis\u00e3o, adequa\u00e7\u00e3o ou completude das informa\u00e7\u00f5es.[\/vc_column_text][\/vc_column][\/vc_row][vc_row type=&#8221;full_width&#8221; full_screen_row_position=&#8221;middle&#8221; scene_position=&#8221;center&#8221; text_color=&#8221;dark&#8221; text_align=&#8221;left&#8221; overlay_strength=&#8221;0.3&#8243; row_type=&#8221;row&#8221; use_row_as_full_screen_section=&#8221;no&#8221; background_image_as_pattern=&#8221;without_pattern&#8221; background_color=&#8221;#333333&#8243; border_color=&#8221;#333333&#8243;][vc_column column_padding=&#8221;no-extra-padding&#8221; column_padding_position=&#8221;all&#8221; background_color_opacity=&#8221;1&#8243; background_hover_color_opacity=&#8221;1&#8243; column_shadow=&#8221;none&#8221; width=&#8221;1\/1&#8243; tablet_text_alignment=&#8221;default&#8221; phone_text_alignment=&#8221;default&#8221; column_border_width=&#8221;none&#8221; column_border_style=&#8221;solid&#8221;][divider line_type=&#8221;No Line&#8221; custom_height=&#8221;100&#8243;][\/vc_column][\/vc_row]\n","protected":false},"excerpt":{"rendered":"<p>[vc_row type=&#8221;full_width&#8221; full_screen_row_position=&#8221;middle&#8221; scene_position=&#8221;center&#8221; text_color=&#8221;dark&#8221; text_align=&#8221;left&#8221; overlay_strength=&#8221;0.3&#8243; row_type=&#8221;row&#8221; use_row_as_full_screen_section=&#8221;no&#8221; background_image_as_pattern=&#8221;without_pattern&#8221; background_color=&#8221;#333333&#8243; border_color=&#8221;#333333&#8243;][vc_column column_padding=&#8221;no-extra-padding&#8221; column_padding_position=&#8221;all&#8221; background_color_opacity=&#8221;1&#8243; background_hover_color_opacity=&#8221;1&#8243; column_shadow=&#8221;none&#8221; width=&#8221;1\/1&#8243; tablet_text_alignment=&#8221;default&#8221; phone_text_alignment=&#8221;default&#8221; column_border_width=&#8221;none&#8221; column_border_style=&#8221;solid&#8221; offset=&#8221;vc_hidden-xs&#8221;][divider line_type=&#8221;No Line&#8221; custom_height=&#8221;55&#8243;][vc_column_text] SELO [\/vc_column_text][divider line_type=&#8221;No Line&#8221;&#8230;<\/p>\n","protected":false},"author":3,"featured_media":0,"parent":0,"menu_order":0,"comment_status":"open","ping_status":"closed","template":"","meta":{"footnotes":""},"class_list":["post-13368","page","type-page","status-publish"],"yoast_head":"<!-- This site is optimized with the Yoast SEO plugin v27.4 - https:\/\/yoast.com\/product\/yoast-seo-wordpress\/ -->\n<title>Selo - Black Jaguar Foundation<\/title>\n<meta name=\"robots\" content=\"index, follow, max-snippet:-1, max-image-preview:large, max-video-preview:-1\" \/>\n<link rel=\"canonical\" href=\"https:\/\/www.black-jaguar.org\/pt-br\/selo\/\" \/>\n<meta property=\"og:locale\" content=\"pt_BR\" \/>\n<meta property=\"og:type\" content=\"article\" \/>\n<meta property=\"og:title\" content=\"Selo - Black Jaguar Foundation\" \/>\n<meta property=\"og:description\" content=\"[vc_row type=&#8221;full_width&#8221; full_screen_row_position=&#8221;middle&#8221; scene_position=&#8221;center&#8221; text_color=&#8221;dark&#8221; text_align=&#8221;left&#8221; overlay_strength=&#8221;0.3&#8243; row_type=&#8221;row&#8221; use_row_as_full_screen_section=&#8221;no&#8221; background_image_as_pattern=&#8221;without_pattern&#8221; background_color=&#8221;#333333&#8243; border_color=&#8221;#333333&#8243;][vc_column column_padding=&#8221;no-extra-padding&#8221; column_padding_position=&#8221;all&#8221; background_color_opacity=&#8221;1&#8243; background_hover_color_opacity=&#8221;1&#8243; column_shadow=&#8221;none&#8221; width=&#8221;1\/1&#8243; tablet_text_alignment=&#8221;default&#8221; phone_text_alignment=&#8221;default&#8221; column_border_width=&#8221;none&#8221; column_border_style=&#8221;solid&#8221; offset=&#8221;vc_hidden-xs&#8221;][divider line_type=&#8221;No Line&#8221; custom_height=&#8221;55&#8243;][vc_column_text] SELO [\/vc_column_text][divider line_type=&#8221;No Line&#8221;...\" \/>\n<meta property=\"og:url\" content=\"https:\/\/www.black-jaguar.org\/pt-br\/selo\/\" \/>\n<meta property=\"og:site_name\" content=\"Black Jaguar Foundation\" \/>\n<meta property=\"article:modified_time\" content=\"2020-09-17T13:10:10+00:00\" \/>\n<meta name=\"twitter:card\" content=\"summary_large_image\" \/>\n<meta name=\"twitter:label1\" content=\"Est. tempo de leitura\" \/>\n\t<meta name=\"twitter:data1\" content=\"5 minutos\" \/>\n<script type=\"application\/ld+json\" class=\"yoast-schema-graph\">{\"@context\":\"https:\\\/\\\/schema.org\",\"@graph\":[{\"@type\":\"WebPage\",\"@id\":\"https:\\\/\\\/www.black-jaguar.org\\\/pt-br\\\/selo\\\/\",\"url\":\"https:\\\/\\\/www.black-jaguar.org\\\/pt-br\\\/selo\\\/\",\"name\":\"Selo - Black Jaguar Foundation\",\"isPartOf\":{\"@id\":\"https:\\\/\\\/www.black-jaguar.org\\\/pt-br\\\/#website\"},\"datePublished\":\"2018-10-23T14:39:04+00:00\",\"dateModified\":\"2020-09-17T13:10:10+00:00\",\"breadcrumb\":{\"@id\":\"https:\\\/\\\/www.black-jaguar.org\\\/pt-br\\\/selo\\\/#breadcrumb\"},\"inLanguage\":\"pt-BR\",\"potentialAction\":[{\"@type\":\"ReadAction\",\"target\":[\"https:\\\/\\\/www.black-jaguar.org\\\/pt-br\\\/selo\\\/\"]}]},{\"@type\":\"BreadcrumbList\",\"@id\":\"https:\\\/\\\/www.black-jaguar.org\\\/pt-br\\\/selo\\\/#breadcrumb\",\"itemListElement\":[{\"@type\":\"ListItem\",\"position\":1,\"name\":\"Home\",\"item\":\"https:\\\/\\\/www.black-jaguar.org\\\/pt-br\\\/\"},{\"@type\":\"ListItem\",\"position\":2,\"name\":\"Selo\"}]},{\"@type\":\"WebSite\",\"@id\":\"https:\\\/\\\/www.black-jaguar.org\\\/pt-br\\\/#website\",\"url\":\"https:\\\/\\\/www.black-jaguar.org\\\/pt-br\\\/\",\"name\":\"Black Jaguar Foundation\",\"description\":\"realising the largest biodiversity corridor on earth\",\"publisher\":{\"@id\":\"https:\\\/\\\/www.black-jaguar.org\\\/pt-br\\\/#organization\"},\"potentialAction\":[{\"@type\":\"SearchAction\",\"target\":{\"@type\":\"EntryPoint\",\"urlTemplate\":\"https:\\\/\\\/www.black-jaguar.org\\\/pt-br\\\/?s={search_term_string}\"},\"query-input\":{\"@type\":\"PropertyValueSpecification\",\"valueRequired\":true,\"valueName\":\"search_term_string\"}}],\"inLanguage\":\"pt-BR\"},{\"@type\":\"Organization\",\"@id\":\"https:\\\/\\\/www.black-jaguar.org\\\/pt-br\\\/#organization\",\"name\":\"Black Jaguar Foundation\",\"url\":\"https:\\\/\\\/www.black-jaguar.org\\\/pt-br\\\/\",\"logo\":{\"@type\":\"ImageObject\",\"inLanguage\":\"pt-BR\",\"@id\":\"https:\\\/\\\/www.black-jaguar.org\\\/pt-br\\\/#\\\/schema\\\/logo\\\/image\\\/\",\"url\":\"https:\\\/\\\/www.black-jaguar.org\\\/wp-content\\\/uploads\\\/2021\\\/07\\\/2.-PNG_BJF_LOGO_21_April_2020-1.png\",\"contentUrl\":\"https:\\\/\\\/www.black-jaguar.org\\\/wp-content\\\/uploads\\\/2021\\\/07\\\/2.-PNG_BJF_LOGO_21_April_2020-1.png\",\"width\":519,\"height\":537,\"caption\":\"Black Jaguar Foundation\"},\"image\":{\"@id\":\"https:\\\/\\\/www.black-jaguar.org\\\/pt-br\\\/#\\\/schema\\\/logo\\\/image\\\/\"}}]}<\/script>\n<!-- \/ Yoast SEO plugin. -->","yoast_head_json":{"title":"Selo - Black Jaguar Foundation","robots":{"index":"index","follow":"follow","max-snippet":"max-snippet:-1","max-image-preview":"max-image-preview:large","max-video-preview":"max-video-preview:-1"},"canonical":"https:\/\/www.black-jaguar.org\/pt-br\/selo\/","og_locale":"pt_BR","og_type":"article","og_title":"Selo - Black Jaguar Foundation","og_description":"[vc_row type=&#8221;full_width&#8221; full_screen_row_position=&#8221;middle&#8221; scene_position=&#8221;center&#8221; text_color=&#8221;dark&#8221; text_align=&#8221;left&#8221; overlay_strength=&#8221;0.3&#8243; row_type=&#8221;row&#8221; use_row_as_full_screen_section=&#8221;no&#8221; background_image_as_pattern=&#8221;without_pattern&#8221; background_color=&#8221;#333333&#8243; border_color=&#8221;#333333&#8243;][vc_column column_padding=&#8221;no-extra-padding&#8221; column_padding_position=&#8221;all&#8221; background_color_opacity=&#8221;1&#8243; background_hover_color_opacity=&#8221;1&#8243; column_shadow=&#8221;none&#8221; width=&#8221;1\/1&#8243; tablet_text_alignment=&#8221;default&#8221; phone_text_alignment=&#8221;default&#8221; column_border_width=&#8221;none&#8221; column_border_style=&#8221;solid&#8221; offset=&#8221;vc_hidden-xs&#8221;][divider line_type=&#8221;No Line&#8221; custom_height=&#8221;55&#8243;][vc_column_text] SELO [\/vc_column_text][divider line_type=&#8221;No Line&#8221;...","og_url":"https:\/\/www.black-jaguar.org\/pt-br\/selo\/","og_site_name":"Black Jaguar Foundation","article_modified_time":"2020-09-17T13:10:10+00:00","twitter_card":"summary_large_image","twitter_misc":{"Est. tempo de leitura":"5 minutos"},"schema":{"@context":"https:\/\/schema.org","@graph":[{"@type":"WebPage","@id":"https:\/\/www.black-jaguar.org\/pt-br\/selo\/","url":"https:\/\/www.black-jaguar.org\/pt-br\/selo\/","name":"Selo - Black Jaguar Foundation","isPartOf":{"@id":"https:\/\/www.black-jaguar.org\/pt-br\/#website"},"datePublished":"2018-10-23T14:39:04+00:00","dateModified":"2020-09-17T13:10:10+00:00","breadcrumb":{"@id":"https:\/\/www.black-jaguar.org\/pt-br\/selo\/#breadcrumb"},"inLanguage":"pt-BR","potentialAction":[{"@type":"ReadAction","target":["https:\/\/www.black-jaguar.org\/pt-br\/selo\/"]}]},{"@type":"BreadcrumbList","@id":"https:\/\/www.black-jaguar.org\/pt-br\/selo\/#breadcrumb","itemListElement":[{"@type":"ListItem","position":1,"name":"Home","item":"https:\/\/www.black-jaguar.org\/pt-br\/"},{"@type":"ListItem","position":2,"name":"Selo"}]},{"@type":"WebSite","@id":"https:\/\/www.black-jaguar.org\/pt-br\/#website","url":"https:\/\/www.black-jaguar.org\/pt-br\/","name":"Black Jaguar Foundation","description":"realising the largest biodiversity corridor on earth","publisher":{"@id":"https:\/\/www.black-jaguar.org\/pt-br\/#organization"},"potentialAction":[{"@type":"SearchAction","target":{"@type":"EntryPoint","urlTemplate":"https:\/\/www.black-jaguar.org\/pt-br\/?s={search_term_string}"},"query-input":{"@type":"PropertyValueSpecification","valueRequired":true,"valueName":"search_term_string"}}],"inLanguage":"pt-BR"},{"@type":"Organization","@id":"https:\/\/www.black-jaguar.org\/pt-br\/#organization","name":"Black Jaguar Foundation","url":"https:\/\/www.black-jaguar.org\/pt-br\/","logo":{"@type":"ImageObject","inLanguage":"pt-BR","@id":"https:\/\/www.black-jaguar.org\/pt-br\/#\/schema\/logo\/image\/","url":"https:\/\/www.black-jaguar.org\/wp-content\/uploads\/2021\/07\/2.-PNG_BJF_LOGO_21_April_2020-1.png","contentUrl":"https:\/\/www.black-jaguar.org\/wp-content\/uploads\/2021\/07\/2.-PNG_BJF_LOGO_21_April_2020-1.png","width":519,"height":537,"caption":"Black Jaguar Foundation"},"image":{"@id":"https:\/\/www.black-jaguar.org\/pt-br\/#\/schema\/logo\/image\/"}}]}},"_links":{"self":[{"href":"https:\/\/www.black-jaguar.org\/pt-br\/wp-json\/wp\/v2\/pages\/13368","targetHints":{"allow":["GET"]}}],"collection":[{"href":"https:\/\/www.black-jaguar.org\/pt-br\/wp-json\/wp\/v2\/pages"}],"about":[{"href":"https:\/\/www.black-jaguar.org\/pt-br\/wp-json\/wp\/v2\/types\/page"}],"author":[{"embeddable":true,"href":"https:\/\/www.black-jaguar.org\/pt-br\/wp-json\/wp\/v2\/users\/3"}],"replies":[{"embeddable":true,"href":"https:\/\/www.black-jaguar.org\/pt-br\/wp-json\/wp\/v2\/comments?post=13368"}],"version-history":[{"count":0,"href":"https:\/\/www.black-jaguar.org\/pt-br\/wp-json\/wp\/v2\/pages\/13368\/revisions"}],"wp:attachment":[{"href":"https:\/\/www.black-jaguar.org\/pt-br\/wp-json\/wp\/v2\/media?parent=13368"}],"curies":[{"name":"wp","href":"https:\/\/api.w.org\/{rel}","templated":true}]}}